{"id":232558,"date":"2024-05-04T20:18:18","date_gmt":"2024-05-04T20:18:18","guid":{"rendered":"https:\/\/saida-nails.de\/produkt\/presentoir-pour-nail-art"},"modified":"2024-05-04T20:18:18","modified_gmt":"2024-05-04T20:18:18","slug":"presentoir-pour-nail-art","status":"publish","type":"product","link":"https:\/\/saida-nails.de\/fr\/produkt\/presentoir-pour-nail-art","title":{"rendered":"Pr\u00e9sentoir pour Nail Art"},"content":{"rendered":"<ul>\n<li>10 Pl\u00e4ttchen f\u00fcr Nail Tips zum Aufh\u00e4ngen auf der Stange<\/li>\n<li>dimensions des plaques : 6 x 8 cm<\/li>\n<li>mat\u00e9riau : verre acrylique<\/li>\n<\/ul>\n","protected":false},"excerpt":{"rendered":"<p>une pr\u00e9sentation \u00e9l\u00e9gante de vos cr\u00e9ations artistiques<\/p>\n","protected":false},"featured_media":232556,"comment_status":"open","ping_status":"closed","template":"","meta":[],"product_brand":[],"product_cat":[676,720],"product_tag":[],"class_list":{"0":"post-232558","1":"product","2":"type-product","3":"status-publish","4":"has-post-thumbnail","6":"product_cat-soldes","7":"product_cat-generalites","9":"first","10":"instock","11":"sale","12":"taxable","13":"shipping-taxable","14":"purchasable","15":"product-type-simple"},"aioseo_notices":[],"_links":{"self":[{"href":"https:\/\/saida-nails.de\/fr\/wp-json\/wp\/v2\/product\/232558","targetHints":{"allow":["GET"]}}],"collection":[{"href":"https:\/\/saida-nails.de\/fr\/wp-json\/wp\/v2\/product"}],"about":[{"href":"https:\/\/saida-nails.de\/fr\/wp-json\/wp\/v2\/types\/product"}],"replies":[{"embeddable":true,"href":"https:\/\/saida-nails.de\/fr\/wp-json\/wp\/v2\/comments?post=232558"}],"wp:featuredmedia":[{"embeddable":true,"href":"https:\/\/saida-nails.de\/fr\/wp-json\/wp\/v2\/media\/232556"}],"wp:attachment":[{"href":"https:\/\/saida-nails.de\/fr\/wp-json\/wp\/v2\/media?parent=232558"}],"wp:term":[{"taxonomy":"product_brand","embeddable":true,"href":"https:\/\/saida-nails.de\/fr\/wp-json\/wp\/v2\/product_brand?post=232558"},{"taxonomy":"product_cat","embeddable":true,"href":"https:\/\/saida-nails.de\/fr\/wp-json\/wp\/v2\/product_cat?post=232558"},{"taxonomy":"product_tag","embeddable":true,"href":"https:\/\/saida-nails.de\/fr\/wp-json\/wp\/v2\/product_tag?post=232558"}],"curies":[{"name":"wp","href":"https:\/\/api.w.org\/{rel}","templated":true}]}}