{"id":232599,"date":"2024-01-15T15:55:21","date_gmt":"2024-01-15T15:55:21","guid":{"rendered":"https:\/\/saida-nails.de\/produkt\/gabarit-ligne-de-sourire"},"modified":"2026-01-26T17:26:23","modified_gmt":"2026-01-26T17:26:23","slug":"gabarit-ligne-de-sourire","status":"publish","type":"product","link":"https:\/\/saida-nails.de\/fr\/produkt\/gabarit-ligne-de-sourire","title":{"rendered":"Gabarit Ligne de Sourire"},"content":{"rendered":"<ul>\n<li>rond<\/li>\n<li>peut \u00eatre utile pour cr\u00e9er une ligne de sourire parfaite<\/li>\n<li>forte adh\u00e9rence sur l&rsquo;ongle<\/li>\n<li>1 feuille avec 54 bandes<\/li>\n<\/ul>\n<p>&nbsp;<\/p>\n<h2>Vid\u00e9os<\/h2>\n<div class=\"col2\">\n<div class=\"elastic-video\"><iframe loading=\"lazy\" src=\"https:\/\/www.youtube-nocookie.com\/embed\/M7S2FlN9Hdk\" width=\"560\" height=\"315\" frameborder=\"0\" allowfullscreen=\"allowfullscreen\"><\/iframe><\/div>\n<\/div>\n","protected":false},"excerpt":{"rendered":"<p>rond peut \u00eatre utile pour cr\u00e9er une ligne de sourire parfaite forte adh\u00e9rence sur l&rsquo;ongle 1 feuille avec 54 bandes &nbsp; Vid\u00e9os<\/p>\n","protected":false},"featured_media":232595,"comment_status":"open","ping_status":"closed","template":"","meta":[],"product_brand":[],"product_cat":[676,688,720],"product_tag":[],"class_list":{"0":"post-232599","1":"product","2":"type-product","3":"status-publish","4":"has-post-thumbnail","6":"product_cat-soldes","7":"product_cat-shop-a-1-euro","8":"product_cat-generalites","10":"first","11":"instock","12":"sale","13":"taxable","14":"shipping-taxable","15":"purchasable","16":"product-type-simple"},"aioseo_notices":[],"_links":{"self":[{"href":"https:\/\/saida-nails.de\/fr\/wp-json\/wp\/v2\/product\/232599","targetHints":{"allow":["GET"]}}],"collection":[{"href":"https:\/\/saida-nails.de\/fr\/wp-json\/wp\/v2\/product"}],"about":[{"href":"https:\/\/saida-nails.de\/fr\/wp-json\/wp\/v2\/types\/product"}],"replies":[{"embeddable":true,"href":"https:\/\/saida-nails.de\/fr\/wp-json\/wp\/v2\/comments?post=232599"}],"wp:featuredmedia":[{"embeddable":true,"href":"https:\/\/saida-nails.de\/fr\/wp-json\/wp\/v2\/media\/232595"}],"wp:attachment":[{"href":"https:\/\/saida-nails.de\/fr\/wp-json\/wp\/v2\/media?parent=232599"}],"wp:term":[{"taxonomy":"product_brand","embeddable":true,"href":"https:\/\/saida-nails.de\/fr\/wp-json\/wp\/v2\/product_brand?post=232599"},{"taxonomy":"product_cat","embeddable":true,"href":"https:\/\/saida-nails.de\/fr\/wp-json\/wp\/v2\/product_cat?post=232599"},{"taxonomy":"product_tag","embeddable":true,"href":"https:\/\/saida-nails.de\/fr\/wp-json\/wp\/v2\/product_tag?post=232599"}],"curies":[{"name":"wp","href":"https:\/\/api.w.org\/{rel}","templated":true}]}}