{"id":232642,"date":"2024-01-15T16:06:10","date_gmt":"2024-01-15T16:06:10","guid":{"rendered":"https:\/\/saida-nails.de\/produkt\/boite-de-rangement"},"modified":"2026-01-05T13:16:02","modified_gmt":"2026-01-05T13:16:02","slug":"boite-de-rangement","status":"publish","type":"product","link":"https:\/\/saida-nails.de\/fr\/produkt\/boite-de-rangement","title":{"rendered":"Bo\u00eete de Rangement"},"content":{"rendered":"<ul>\n<li>en plastique<\/li>\n<li>compartiments r\u00e9glables<\/li>\n<li>L \u00d7 H \u00d7 P : 19,5 cm x 3,6 cm x 13,3 cm<\/li>\n<li>couleur : blanc ou pink<\/li>\n<\/ul>\n","protected":false},"excerpt":{"rendered":"<p>en plastique compartiments r\u00e9glables L \u00d7 H \u00d7 P : 19,5 cm x 3,6 cm x 13,3 cm couleur : blanc ou pink<\/p>\n","protected":false},"featured_media":232640,"comment_status":"open","ping_status":"closed","template":"","meta":[],"product_brand":[],"product_cat":[676,700],"product_tag":[],"class_list":{"0":"post-232642","1":"product","2":"type-product","3":"status-publish","4":"has-post-thumbnail","6":"product_cat-soldes","7":"product_cat-stockage","9":"first","10":"instock","11":"sale","12":"taxable","13":"shipping-taxable","14":"purchasable","15":"product-type-variable"},"aioseo_notices":[],"_links":{"self":[{"href":"https:\/\/saida-nails.de\/fr\/wp-json\/wp\/v2\/product\/232642","targetHints":{"allow":["GET"]}}],"collection":[{"href":"https:\/\/saida-nails.de\/fr\/wp-json\/wp\/v2\/product"}],"about":[{"href":"https:\/\/saida-nails.de\/fr\/wp-json\/wp\/v2\/types\/product"}],"replies":[{"embeddable":true,"href":"https:\/\/saida-nails.de\/fr\/wp-json\/wp\/v2\/comments?post=232642"}],"wp:featuredmedia":[{"embeddable":true,"href":"https:\/\/saida-nails.de\/fr\/wp-json\/wp\/v2\/media\/232640"}],"wp:attachment":[{"href":"https:\/\/saida-nails.de\/fr\/wp-json\/wp\/v2\/media?parent=232642"}],"wp:term":[{"taxonomy":"product_brand","embeddable":true,"href":"https:\/\/saida-nails.de\/fr\/wp-json\/wp\/v2\/product_brand?post=232642"},{"taxonomy":"product_cat","embeddable":true,"href":"https:\/\/saida-nails.de\/fr\/wp-json\/wp\/v2\/product_cat?post=232642"},{"taxonomy":"product_tag","embeddable":true,"href":"https:\/\/saida-nails.de\/fr\/wp-json\/wp\/v2\/product_tag?post=232642"}],"curies":[{"name":"wp","href":"https:\/\/api.w.org\/{rel}","templated":true}]}}