{"id":232664,"date":"2025-08-08T09:55:47","date_gmt":"2025-08-08T09:55:47","guid":{"rendered":"https:\/\/saida-nails.de\/produkt\/mini-lampadaire-led"},"modified":"2025-08-08T09:55:47","modified_gmt":"2025-08-08T09:55:47","slug":"mini-lampadaire-led","status":"publish","type":"product","link":"https:\/\/saida-nails.de\/fr\/produkt\/mini-lampadaire-led","title":{"rendered":"Mini Lampadaire LED"},"content":{"rendered":"<ul>\n<li>mini lampadaire LED pour le polym\u00e9risation mains libres des gels LED<\/li>\n<li>avec fonction capteur : s&rsquo;allume pendant la dur\u00e9e s\u00e9lectionn\u00e9e lorsque la main est plac\u00e9e sous la lampe<\/li>\n<li>avec fonction minuterie : 10, 30, 60 secondes<\/li>\n<li>col de lampe flexible : pivotant \u00e0 360 degr\u00e9s<\/li>\n<li>t\u00eate de lampe \u00e0 r\u00e9flecteur en aluminium 3 en 1<\/li>\n<li>puissance nominale : 27 watts<\/li>\n<li>nombre de lampes LED : 9 pi\u00e8ces<\/li>\n<li>couleur : blanc-or rose<\/li>\n<li>dimensions : hauteur 33 cm x largeur 8,7 cm<\/li>\n<li>connexion USB-C incluse<\/li>\n<\/ul>\n","protected":false},"excerpt":{"rendered":"<p>mini lampadaire LED pour le polym\u00e9risation mains libres des gels LED avec fonction capteur : s&rsquo;allume pendant la dur\u00e9e s\u00e9lectionn\u00e9e lorsque la main est plac\u00e9e sous la lampe avec fonction minuterie : 10, 30, 60 secondes col de lampe flexible : pivotant \u00e0 360 degr\u00e9s t\u00eate de lampe \u00e0 r\u00e9flecteur en aluminium 3 en 1 [&#8230;]\n","protected":false},"featured_media":232658,"comment_status":"open","ping_status":"closed","template":"","meta":[],"product_brand":[],"product_cat":[756],"product_tag":[],"class_list":{"0":"post-232664","1":"product","2":"type-product","3":"status-publish","4":"has-post-thumbnail","6":"product_cat-appareils-electriques","8":"first","9":"instock","10":"taxable","11":"shipping-taxable","12":"purchasable","13":"product-type-simple"},"aioseo_notices":[],"_links":{"self":[{"href":"https:\/\/saida-nails.de\/fr\/wp-json\/wp\/v2\/product\/232664","targetHints":{"allow":["GET"]}}],"collection":[{"href":"https:\/\/saida-nails.de\/fr\/wp-json\/wp\/v2\/product"}],"about":[{"href":"https:\/\/saida-nails.de\/fr\/wp-json\/wp\/v2\/types\/product"}],"replies":[{"embeddable":true,"href":"https:\/\/saida-nails.de\/fr\/wp-json\/wp\/v2\/comments?post=232664"}],"wp:featuredmedia":[{"embeddable":true,"href":"https:\/\/saida-nails.de\/fr\/wp-json\/wp\/v2\/media\/232658"}],"wp:attachment":[{"href":"https:\/\/saida-nails.de\/fr\/wp-json\/wp\/v2\/media?parent=232664"}],"wp:term":[{"taxonomy":"product_brand","embeddable":true,"href":"https:\/\/saida-nails.de\/fr\/wp-json\/wp\/v2\/product_brand?post=232664"},{"taxonomy":"product_cat","embeddable":true,"href":"https:\/\/saida-nails.de\/fr\/wp-json\/wp\/v2\/product_cat?post=232664"},{"taxonomy":"product_tag","embeddable":true,"href":"https:\/\/saida-nails.de\/fr\/wp-json\/wp\/v2\/product_tag?post=232664"}],"curies":[{"name":"wp","href":"https:\/\/api.w.org\/{rel}","templated":true}]}}