{"id":232672,"date":"2024-08-29T08:21:16","date_gmt":"2024-08-29T08:21:16","guid":{"rendered":"https:\/\/saida-nails.de\/produkt\/bouteille-isotherme-750-ml"},"modified":"2024-08-29T08:21:16","modified_gmt":"2024-08-29T08:21:16","slug":"bouteille-isotherme-750-ml","status":"publish","type":"product","link":"https:\/\/saida-nails.de\/fr\/produkt\/bouteille-isotherme-750-ml","title":{"rendered":"Bouteille Isotherme, 750 ml"},"content":{"rendered":"<p>Le cadeau id\u00e9al pour toutes les occasions \u2013 notre bouteille isotherme en acier inoxydable \u00e0 double paroi \u2013 garde ta boisson glac\u00e9e jusqu&rsquo;\u00e0 24 heures et chaude jusqu&rsquo;\u00e0 12 heures.<\/p>\n<ul>\n<li>bouteille isotherme \u00ab Stay Cool Keep Warm \u00bb en acier inoxydable \u00e0 double paroi, sans odeur et sans go\u00fbt<\/li>\n<li>isolation sous vide ; garde les boissons froides pendant 24 heures et chaudes pendant 12 heures<\/li>\n<li>couvercle en acier inoxydable de haute qualit\u00e9 et extra-\u00e9tanche<\/li>\n<li>tr\u00e8s facile \u00e0 nettoyer gr\u00e2ce \u00e0 son ouverture extra-large<\/li>\n<li>Entretien : Ne passe pas au lave-vaisselle. Laver la bouteille en acier inoxydable et le couvercle \u00e0 la main avec pr\u00e9caution. <\/li>\n<li>non compatible avec les couvercles universels<\/li>\n<li>sans BPA, certifi\u00e9 CE\/UE<\/li>\n<li>contenance : 750 ml<\/li>\n<li>dimensions : L x H 8 cm x 26 cm<\/li>\n<li>poids : 378 g<\/li>\n<\/ul>\n","protected":false},"excerpt":{"rendered":"<p>Le cadeau id\u00e9al pour toutes les occasions \u2013 notre bouteille isotherme en acier inoxydable \u00e0 double paroi \u2013 garde ta boisson glac\u00e9e jusqu&rsquo;\u00e0 24 heures et chaude jusqu&rsquo;\u00e0 12 heures. bouteille isotherme \u00ab Stay Cool Keep Warm \u00bb en acier inoxydable \u00e0 double paroi, sans odeur et sans go\u00fbt isolation sous vide ; garde les [&#8230;]\n","protected":false},"featured_media":232665,"comment_status":"open","ping_status":"closed","template":"","meta":[],"product_brand":[],"product_cat":[676,760],"product_tag":[],"class_list":{"0":"post-232672","1":"product","2":"type-product","3":"status-publish","4":"has-post-thumbnail","6":"product_cat-soldes","7":"product_cat-articles-cadeaux","9":"first","10":"instock","11":"sale","12":"taxable","13":"shipping-taxable","14":"purchasable","15":"product-type-variable"},"aioseo_notices":[],"_links":{"self":[{"href":"https:\/\/saida-nails.de\/fr\/wp-json\/wp\/v2\/product\/232672","targetHints":{"allow":["GET"]}}],"collection":[{"href":"https:\/\/saida-nails.de\/fr\/wp-json\/wp\/v2\/product"}],"about":[{"href":"https:\/\/saida-nails.de\/fr\/wp-json\/wp\/v2\/types\/product"}],"replies":[{"embeddable":true,"href":"https:\/\/saida-nails.de\/fr\/wp-json\/wp\/v2\/comments?post=232672"}],"wp:featuredmedia":[{"embeddable":true,"href":"https:\/\/saida-nails.de\/fr\/wp-json\/wp\/v2\/media\/232665"}],"wp:attachment":[{"href":"https:\/\/saida-nails.de\/fr\/wp-json\/wp\/v2\/media?parent=232672"}],"wp:term":[{"taxonomy":"product_brand","embeddable":true,"href":"https:\/\/saida-nails.de\/fr\/wp-json\/wp\/v2\/product_brand?post=232672"},{"taxonomy":"product_cat","embeddable":true,"href":"https:\/\/saida-nails.de\/fr\/wp-json\/wp\/v2\/product_cat?post=232672"},{"taxonomy":"product_tag","embeddable":true,"href":"https:\/\/saida-nails.de\/fr\/wp-json\/wp\/v2\/product_tag?post=232672"}],"curies":[{"name":"wp","href":"https:\/\/api.w.org\/{rel}","templated":true}]}}