{"id":232684,"date":"2024-07-01T23:40:31","date_gmt":"2024-07-01T23:40:31","guid":{"rendered":"https:\/\/saida-nails.de\/produkt\/bracelet-en-pierres-precieuses-rhodonite"},"modified":"2024-07-01T23:40:31","modified_gmt":"2024-07-01T23:40:31","slug":"bracelet-en-pierres-precieuses-rhodonite","status":"publish","type":"product","link":"https:\/\/saida-nails.de\/fr\/produkt\/bracelet-en-pierres-precieuses-rhodonite","title":{"rendered":"Bracelet en Pierres Pr\u00e9cieuses RHODONITE"},"content":{"rendered":"<p>Bracelet en pierres pr\u00e9cieuses \u2013 une beaut\u00e9 \u00e9ternelle qui compl\u00e8te toutes les tenues et apporte un \u00e9quilibre int\u00e9rieur qui rayonne \u00e0 l&rsquo;ext\u00e9rieur !<\/p>\n<p><strong>La pierre de la patience et de l&rsquo;\u00e9quilibre<\/strong><\/p>\n<p>La rhodonite est \u00e9troitement li\u00e9e \u00e0 la compassion et \u00e0 l&rsquo;amour. Elle peut apporter du r\u00e9confort et r\u00e9duire le stress. Elle peut aider son porteur \u00e0 se calmer et \u00e0 trouver le bonheur. Elle peut transformer et lib\u00e9rer les \u00e9nergies n\u00e9gatives. Que ce bracelet en pierre t&rsquo;apporte harmonie et paix tout au long de ta vie.    <\/p>\n","protected":false},"excerpt":{"rendered":"<p>Bracelet en pierres pr\u00e9cieuses \u2013 une beaut\u00e9 \u00e9ternelle qui compl\u00e8te toutes les tenues et apporte un \u00e9quilibre int\u00e9rieur qui rayonne \u00e0 l&rsquo;ext\u00e9rieur ! La pierre de la patience et de l&rsquo;\u00e9quilibre La rhodonite est \u00e9troitement li\u00e9e \u00e0 la compassion et \u00e0 l&rsquo;amour. Elle peut apporter du r\u00e9confort et r\u00e9duire le stress. Elle peut aider son [&#8230;]\n","protected":false},"featured_media":232681,"comment_status":"open","ping_status":"closed","template":"","meta":[],"product_brand":[],"product_cat":[676,760],"product_tag":[],"class_list":{"0":"post-232684","1":"product","2":"type-product","3":"status-publish","4":"has-post-thumbnail","6":"product_cat-soldes","7":"product_cat-articles-cadeaux","9":"first","10":"instock","11":"sale","12":"taxable","13":"shipping-taxable","14":"purchasable","15":"product-type-simple"},"aioseo_notices":[],"_links":{"self":[{"href":"https:\/\/saida-nails.de\/fr\/wp-json\/wp\/v2\/product\/232684","targetHints":{"allow":["GET"]}}],"collection":[{"href":"https:\/\/saida-nails.de\/fr\/wp-json\/wp\/v2\/product"}],"about":[{"href":"https:\/\/saida-nails.de\/fr\/wp-json\/wp\/v2\/types\/product"}],"replies":[{"embeddable":true,"href":"https:\/\/saida-nails.de\/fr\/wp-json\/wp\/v2\/comments?post=232684"}],"wp:featuredmedia":[{"embeddable":true,"href":"https:\/\/saida-nails.de\/fr\/wp-json\/wp\/v2\/media\/232681"}],"wp:attachment":[{"href":"https:\/\/saida-nails.de\/fr\/wp-json\/wp\/v2\/media?parent=232684"}],"wp:term":[{"taxonomy":"product_brand","embeddable":true,"href":"https:\/\/saida-nails.de\/fr\/wp-json\/wp\/v2\/product_brand?post=232684"},{"taxonomy":"product_cat","embeddable":true,"href":"https:\/\/saida-nails.de\/fr\/wp-json\/wp\/v2\/product_cat?post=232684"},{"taxonomy":"product_tag","embeddable":true,"href":"https:\/\/saida-nails.de\/fr\/wp-json\/wp\/v2\/product_tag?post=232684"}],"curies":[{"name":"wp","href":"https:\/\/api.w.org\/{rel}","templated":true}]}}