{"id":232696,"date":"2024-07-01T23:48:02","date_gmt":"2024-07-01T23:48:02","guid":{"rendered":"https:\/\/saida-nails.de\/produkt\/bracelet-en-pierres-precieuses-turquoise"},"modified":"2024-07-01T23:48:02","modified_gmt":"2024-07-01T23:48:02","slug":"bracelet-en-pierres-precieuses-turquoise","status":"publish","type":"product","link":"https:\/\/saida-nails.de\/fr\/produkt\/bracelet-en-pierres-precieuses-turquoise","title":{"rendered":"Bracelet en Pierres Pr\u00e9cieuses TURQUOISE"},"content":{"rendered":"<p>Bracelet en pierres pr\u00e9cieuses \u2013 une beaut\u00e9 \u00e9ternelle qui compl\u00e8te toutes les tenues et apporte un \u00e9quilibre int\u00e9rieur qui rayonne \u00e0 l&rsquo;ext\u00e9rieur !<\/p>\n<p><strong>La pierre de la prosp\u00e9rit\u00e9 et de l&rsquo;amiti\u00e9<\/strong><\/p>\n<p>La turquoise dissipe l&rsquo;\u00e9nergie n\u00e9gative de celui qui la porte et r\u00e9siste aux influences ext\u00e9rieures ou aux polluants atmosph\u00e9riques. Elle aide \u00e9galement \u00e0 lutter contre la d\u00e9pression et la fatigue et peut favoriser l&rsquo;\u00e9panouissement personnel et l&rsquo;am\u00e9lioration de soi. Que ce bracelet en pierre naturelle vous apporte bonheur et force tout au long de votre vie.  <\/p>\n","protected":false},"excerpt":{"rendered":"<p>Bracelet en pierres pr\u00e9cieuses \u2013 une beaut\u00e9 \u00e9ternelle qui compl\u00e8te toutes les tenues et apporte un \u00e9quilibre int\u00e9rieur qui rayonne \u00e0 l&rsquo;ext\u00e9rieur ! La pierre de la prosp\u00e9rit\u00e9 et de l&rsquo;amiti\u00e9 La turquoise dissipe l&rsquo;\u00e9nergie n\u00e9gative de celui qui la porte et r\u00e9siste aux influences ext\u00e9rieures ou aux polluants atmosph\u00e9riques. Elle aide \u00e9galement \u00e0 lutter [&#8230;]\n","protected":false},"featured_media":232691,"comment_status":"open","ping_status":"closed","template":"","meta":[],"product_brand":[],"product_cat":[676,760],"product_tag":[],"class_list":{"0":"post-232696","1":"product","2":"type-product","3":"status-publish","4":"has-post-thumbnail","6":"product_cat-soldes","7":"product_cat-articles-cadeaux","9":"first","10":"instock","11":"sale","12":"taxable","13":"shipping-taxable","14":"purchasable","15":"product-type-simple"},"aioseo_notices":[],"_links":{"self":[{"href":"https:\/\/saida-nails.de\/fr\/wp-json\/wp\/v2\/product\/232696","targetHints":{"allow":["GET"]}}],"collection":[{"href":"https:\/\/saida-nails.de\/fr\/wp-json\/wp\/v2\/product"}],"about":[{"href":"https:\/\/saida-nails.de\/fr\/wp-json\/wp\/v2\/types\/product"}],"replies":[{"embeddable":true,"href":"https:\/\/saida-nails.de\/fr\/wp-json\/wp\/v2\/comments?post=232696"}],"wp:featuredmedia":[{"embeddable":true,"href":"https:\/\/saida-nails.de\/fr\/wp-json\/wp\/v2\/media\/232691"}],"wp:attachment":[{"href":"https:\/\/saida-nails.de\/fr\/wp-json\/wp\/v2\/media?parent=232696"}],"wp:term":[{"taxonomy":"product_brand","embeddable":true,"href":"https:\/\/saida-nails.de\/fr\/wp-json\/wp\/v2\/product_brand?post=232696"},{"taxonomy":"product_cat","embeddable":true,"href":"https:\/\/saida-nails.de\/fr\/wp-json\/wp\/v2\/product_cat?post=232696"},{"taxonomy":"product_tag","embeddable":true,"href":"https:\/\/saida-nails.de\/fr\/wp-json\/wp\/v2\/product_tag?post=232696"}],"curies":[{"name":"wp","href":"https:\/\/api.w.org\/{rel}","templated":true}]}}