{"id":233927,"date":"2026-02-24T14:54:22","date_gmt":"2026-02-24T14:54:22","guid":{"rendered":"https:\/\/saida-nails.de\/?post_type=product&#038;p=233927"},"modified":"2026-02-27T09:54:06","modified_gmt":"2026-02-27T09:54:06","slug":"vernis-gel-gel-polish-023","status":"publish","type":"product","link":"https:\/\/saida-nails.de\/fr\/produkt\/vernis-gel-gel-polish-023","title":{"rendered":"Vernis Gel\/Gel Polish 023"},"content":{"rendered":"<ul>\n<li>vernis gel sans TPO\/HEMA (avec glitter r\u00e9fl\u00e9chissant la lumi\u00e8re)<\/li>\n<li>excellent pouvoir couvrant, une seule couche suffit<\/li>\n<li>convient aussi bien aux lampes UV qu&rsquo;aux lampes LED<\/li>\n<li>pas de s\u00e9dimentation des pigments<\/li>\n<li>temps de polym\u00e9risation : UV 120 sec.\/LED 60 sec.<\/li>\n<li>contenu : 10 ml<\/li>\n<\/ul>\n<p>&nbsp;<\/p>\n<hr \/>\n<p><em><strong>Ingr\u00e9dients:<\/strong> Acrylates Copolymer, PPG-2 Neopentyl Glycol Diacrylate, Hydroxypropyl Methacrylate, Ethyl Trimethylbenzoyl Phenylphosphinate, Pigments <\/em><\/p>\n","protected":false},"excerpt":{"rendered":"<p>vernis gel sans TPO\/HEMA (avec glitter r\u00e9fl\u00e9chissant la lumi\u00e8re) excellent pouvoir couvrant, une seule couche suffit convient aussi bien aux lampes UV qu&rsquo;aux lampes LED pas de s\u00e9dimentation des pigments temps de polym\u00e9risation : UV 120 sec.\/LED 60 sec. contenu : 10 ml &nbsp; Ingr\u00e9dients: Acrylates Copolymer, PPG-2 Neopentyl Glycol Diacrylate, Hydroxypropyl Methacrylate, Ethyl Trimethylbenzoyl [&#8230;]\n","protected":false},"featured_media":233930,"comment_status":"open","ping_status":"closed","template":"","meta":[],"product_brand":[],"product_cat":[737,1054],"product_tag":[],"class_list":{"0":"post-233927","1":"product","2":"type-product","3":"status-publish","4":"has-post-thumbnail","6":"product_cat-vernis-gels","7":"product_cat-nouvelle-collection","9":"first","10":"instock","11":"taxable","12":"shipping-taxable","13":"purchasable","14":"product-type-simple"},"aioseo_notices":[],"_links":{"self":[{"href":"https:\/\/saida-nails.de\/fr\/wp-json\/wp\/v2\/product\/233927","targetHints":{"allow":["GET"]}}],"collection":[{"href":"https:\/\/saida-nails.de\/fr\/wp-json\/wp\/v2\/product"}],"about":[{"href":"https:\/\/saida-nails.de\/fr\/wp-json\/wp\/v2\/types\/product"}],"replies":[{"embeddable":true,"href":"https:\/\/saida-nails.de\/fr\/wp-json\/wp\/v2\/comments?post=233927"}],"wp:featuredmedia":[{"embeddable":true,"href":"https:\/\/saida-nails.de\/fr\/wp-json\/wp\/v2\/media\/233930"}],"wp:attachment":[{"href":"https:\/\/saida-nails.de\/fr\/wp-json\/wp\/v2\/media?parent=233927"}],"wp:term":[{"taxonomy":"product_brand","embeddable":true,"href":"https:\/\/saida-nails.de\/fr\/wp-json\/wp\/v2\/product_brand?post=233927"},{"taxonomy":"product_cat","embeddable":true,"href":"https:\/\/saida-nails.de\/fr\/wp-json\/wp\/v2\/product_cat?post=233927"},{"taxonomy":"product_tag","embeddable":true,"href":"https:\/\/saida-nails.de\/fr\/wp-json\/wp\/v2\/product_tag?post=233927"}],"curies":[{"name":"wp","href":"https:\/\/api.w.org\/{rel}","templated":true}]}}