{"id":234096,"date":"2026-02-26T12:05:18","date_gmt":"2026-02-26T12:05:18","guid":{"rendered":"https:\/\/saida-nails.de\/produkt\/gel-pour-nail-art-5-en-1-gentle-dreams"},"modified":"2026-03-27T08:03:57","modified_gmt":"2026-03-27T08:03:57","slug":"gel-pour-nail-art-5en1-gentle-dreams","status":"publish","type":"product","link":"https:\/\/saida-nails.de\/fr\/produkt\/gel-pour-nail-art-5en1-gentle-dreams","title":{"rendered":"Gel pour Nail Art 5en1, GENTLE DREAMS"},"content":{"rendered":"<p>Des gels color\u00e9s qui ne se d\u00e9colorent pas !<\/p>\n<ul>\n<li>gels color\u00e9s cr\u00e9meux et extr\u00eamement pigment\u00e9s, id\u00e9aux pour :<br \/>\n1) d\u00e9grad\u00e9s de couleurs d\u00e9licats<br \/>\n2) peinture fine<br \/>\n3) peinture en un seul trait<br \/>\n4) ornements m\u00e9talliques avec<a href=\"https:\/\/saida-nails.de\/fr\/produkt-kategorie\/nail-art\/glitter-poudre\/super-poudre-chrome\"> Poudre Chrome<\/a><br \/>\n5) French nails<br \/>\net bien plus encore&#8230;<\/li>\n<li>sans couche collante<\/li>\n<li>permet de colorer l&rsquo;ongle en une couche tr\u00e8s fine, ce qui le rend id\u00e9al pour une application sur les ongles des pieds<\/li>\n<li>convient aussi bien aux lampes UV qu&rsquo;aux lampes LED<\/li>\n<li>contenu : 18 g (9 couleurs de 2 g chacune)<\/li>\n<\/ul>\n<p>&nbsp;<\/p>\n<hr>\n<p><em><strong>Ingr\u00e9dients:<\/strong> VP\/DMAPA Acrylates Copolymer, Diethylaminoethyl Methacrylate\/HEMA\/Perfluorohexylethyl Methacrylate Crosspolymer, Acrylates\/Hydroxyesters Acrylates Copolymer, Silica, Pigments<\/em><\/p>\n","protected":false},"excerpt":{"rendered":"<p>Des gels color\u00e9s qui ne se d\u00e9colorent pas ! gels color\u00e9s cr\u00e9meux et extr\u00eamement pigment\u00e9s, id\u00e9aux pour : 1) d\u00e9grad\u00e9s de couleurs d\u00e9licats 2) peinture fine 3) peinture en un seul trait 4) ornements m\u00e9talliques avec Poudre Chrome 5) French nails et bien plus encore&#8230; sans couche collante permet de colorer l&rsquo;ongle en une couche [&#8230;]\n","protected":false},"featured_media":234094,"comment_status":"open","ping_status":"closed","template":"","meta":[],"product_brand":[],"product_cat":[680,1058,1064],"product_tag":[],"class_list":{"0":"post-234096","1":"product","2":"type-product","3":"status-publish","4":"has-post-thumbnail","6":"product_cat-nouveautes","7":"product_cat-gel-pour-nail-art-5en1","8":"product_cat-gels-pour-nail-art-5-en-1","10":"first","11":"instock","12":"taxable","13":"shipping-taxable","14":"purchasable","15":"product-type-simple"},"aioseo_notices":[],"_links":{"self":[{"href":"https:\/\/saida-nails.de\/fr\/wp-json\/wp\/v2\/product\/234096","targetHints":{"allow":["GET"]}}],"collection":[{"href":"https:\/\/saida-nails.de\/fr\/wp-json\/wp\/v2\/product"}],"about":[{"href":"https:\/\/saida-nails.de\/fr\/wp-json\/wp\/v2\/types\/product"}],"replies":[{"embeddable":true,"href":"https:\/\/saida-nails.de\/fr\/wp-json\/wp\/v2\/comments?post=234096"}],"wp:featuredmedia":[{"embeddable":true,"href":"https:\/\/saida-nails.de\/fr\/wp-json\/wp\/v2\/media\/234094"}],"wp:attachment":[{"href":"https:\/\/saida-nails.de\/fr\/wp-json\/wp\/v2\/media?parent=234096"}],"wp:term":[{"taxonomy":"product_brand","embeddable":true,"href":"https:\/\/saida-nails.de\/fr\/wp-json\/wp\/v2\/product_brand?post=234096"},{"taxonomy":"product_cat","embeddable":true,"href":"https:\/\/saida-nails.de\/fr\/wp-json\/wp\/v2\/product_cat?post=234096"},{"taxonomy":"product_tag","embeddable":true,"href":"https:\/\/saida-nails.de\/fr\/wp-json\/wp\/v2\/product_tag?post=234096"}],"curies":[{"name":"wp","href":"https:\/\/api.w.org\/{rel}","templated":true}]}}