{"id":234465,"date":"2026-03-26T16:15:12","date_gmt":"2026-03-26T16:15:12","guid":{"rendered":"https:\/\/saida-nails.de\/?post_type=product&#038;p=234465"},"modified":"2026-03-26T16:26:10","modified_gmt":"2026-03-26T16:26:10","slug":"gel-acrylique-soft-30ml","status":"publish","type":"product","link":"https:\/\/saida-nails.de\/fr\/produkt\/gel-acrylique-soft-30ml","title":{"rendered":"Gel Acrylique SOFT, 30 ml"},"content":{"rendered":"<ul>\n<li>gel acrylique\/polygel sans TPO ni HEMA<\/li>\n<li>tr\u00e8s r\u00e9sistant et stable<\/li>\n<li>pinchable, facile \u00e0 limer<\/li>\n<li>ne coule pas, donc id\u00e9al pour les d\u00e9butants<\/li>\n<li>convient aussi bien aux ongles courts qu&rsquo;aux ongles tr\u00e8s longs<\/li>\n<li>id\u00e9al pour les ongles cassants et pour les petites retouches rapides sans chablon<\/li>\n<li>compatible avec tous les types de gels<\/li>\n<li>temps de polym\u00e9risation : UV 120 sec., LED 60-90 sec.<\/li>\n<li>contenu : 30 ml<\/li>\n<\/ul>\n<p>&nbsp;<\/p>\n<hr \/>\n<p><em><strong>Ingr\u00e9dients:<\/strong> Acrylates Copolymer, Poly(methyl Methacrylate), Polyethylene terephthalate, Dimethicone, Microcrystalline Wax, Hydroxycyclohexyl Phenyl Ketone, Ethyl Trimethylbenzoyl Phenylphosphinate, Pigment<\/em><\/p>\n","protected":false},"excerpt":{"rendered":"<p>gel acrylique\/polygel sans TPO ni HEMA tr\u00e8s r\u00e9sistant et stable pinchable, facile \u00e0 limer ne coule pas, donc id\u00e9al pour les d\u00e9butants convient aussi bien aux ongles courts qu&rsquo;aux ongles tr\u00e8s longs id\u00e9al pour les ongles cassants et pour les petites retouches rapides sans chablon compatible avec tous les types de gels temps de polym\u00e9risation [&#8230;]\n","protected":false},"featured_media":234464,"comment_status":"open","ping_status":"closed","template":"","meta":[],"product_brand":[],"product_cat":[675,680,1078],"product_tag":[],"class_list":{"0":"post-234465","1":"product","2":"type-product","3":"status-publish","4":"has-post-thumbnail","6":"product_cat-gels-acryliques","7":"product_cat-nouveautes","8":"product_cat-gel-acrylique-nouveau","10":"first","11":"instock","12":"taxable","13":"shipping-taxable","14":"purchasable","15":"product-type-simple"},"aioseo_notices":[],"_links":{"self":[{"href":"https:\/\/saida-nails.de\/fr\/wp-json\/wp\/v2\/product\/234465","targetHints":{"allow":["GET"]}}],"collection":[{"href":"https:\/\/saida-nails.de\/fr\/wp-json\/wp\/v2\/product"}],"about":[{"href":"https:\/\/saida-nails.de\/fr\/wp-json\/wp\/v2\/types\/product"}],"replies":[{"embeddable":true,"href":"https:\/\/saida-nails.de\/fr\/wp-json\/wp\/v2\/comments?post=234465"}],"wp:featuredmedia":[{"embeddable":true,"href":"https:\/\/saida-nails.de\/fr\/wp-json\/wp\/v2\/media\/234464"}],"wp:attachment":[{"href":"https:\/\/saida-nails.de\/fr\/wp-json\/wp\/v2\/media?parent=234465"}],"wp:term":[{"taxonomy":"product_brand","embeddable":true,"href":"https:\/\/saida-nails.de\/fr\/wp-json\/wp\/v2\/product_brand?post=234465"},{"taxonomy":"product_cat","embeddable":true,"href":"https:\/\/saida-nails.de\/fr\/wp-json\/wp\/v2\/product_cat?post=234465"},{"taxonomy":"product_tag","embeddable":true,"href":"https:\/\/saida-nails.de\/fr\/wp-json\/wp\/v2\/product_tag?post=234465"}],"curies":[{"name":"wp","href":"https:\/\/api.w.org\/{rel}","templated":true}]}}