{"id":234657,"date":"2026-04-15T14:27:13","date_gmt":"2026-04-15T14:27:13","guid":{"rendered":"https:\/\/saida-nails.de\/produkt\/set-de-pinceaux-all-you-need"},"modified":"2026-04-15T14:27:13","modified_gmt":"2026-04-15T14:27:13","slug":"set-de-pinceaux-all-you-need","status":"publish","type":"product","link":"https:\/\/saida-nails.de\/fr\/produkt\/set-de-pinceaux-all-you-need","title":{"rendered":"Set de pinceaux \u00ab\u00a0All you need\u00a0\u00bb"},"content":{"rendered":"<p>ensemble de 6 pinceaux couvrant tous les besoins d&rsquo;un styliste ongulaire<\/p>\n<ul>\n<li><strong>jaune :<\/strong> pinceau de peinture 6 mm \u2013 pour peindre de petites fleurs (par exemple selon la technique One-Stroke) ou d&rsquo;autres motifs<\/li>\n<li><strong>rose :<\/strong> pinceau universel 10 mm \u2013 pour peindre des fleurs et autres motifs similaires, ou encore pour le modelage au gel lorsqu&rsquo;un pinceau plus fin est pr\u00e9f\u00e9r\u00e9<\/li>\n<li><strong>blanc :<\/strong> pinceau \u00e0 tracer 10 mm \u2013 pour tracer des lignes fines ou des lignes de French<\/li>\n<li><strong>violet :<\/strong> pinceau \u00e0 gel ovale 7 mm \u2013 pour modeler les ongles, mais aussi id\u00e9al pour les couvrages complets<\/li>\n<li><strong>vert :<\/strong> pinceau \u00e0 gel ovale 9 mm<\/li>\n<li><strong>bleu :<\/strong> pinceau \u00e0 gel plat 9 mm<\/li>\n<\/ul>\n","protected":false},"excerpt":{"rendered":"<p>ensemble de 6 pinceaux couvrant tous les besoins d&rsquo;un styliste ongulaire jaune : pinceau de peinture 6 mm \u2013 pour peindre de petites fleurs (par exemple selon la technique One-Stroke) ou d&rsquo;autres motifs rose : pinceau universel 10 mm \u2013 pour peindre des fleurs et autres motifs similaires, ou encore pour le modelage au gel [&#8230;]\n","protected":false},"featured_media":234643,"comment_status":"open","ping_status":"closed","template":"","meta":[],"product_brand":[],"product_cat":[680,753],"product_tag":[],"class_list":{"0":"post-234657","1":"product","2":"type-product","3":"status-publish","4":"has-post-thumbnail","6":"product_cat-nouveautes","7":"product_cat-pinceaux","9":"first","10":"instock","11":"taxable","12":"shipping-taxable","13":"purchasable","14":"product-type-simple"},"aioseo_notices":[],"_links":{"self":[{"href":"https:\/\/saida-nails.de\/fr\/wp-json\/wp\/v2\/product\/234657","targetHints":{"allow":["GET"]}}],"collection":[{"href":"https:\/\/saida-nails.de\/fr\/wp-json\/wp\/v2\/product"}],"about":[{"href":"https:\/\/saida-nails.de\/fr\/wp-json\/wp\/v2\/types\/product"}],"replies":[{"embeddable":true,"href":"https:\/\/saida-nails.de\/fr\/wp-json\/wp\/v2\/comments?post=234657"}],"wp:featuredmedia":[{"embeddable":true,"href":"https:\/\/saida-nails.de\/fr\/wp-json\/wp\/v2\/media\/234643"}],"wp:attachment":[{"href":"https:\/\/saida-nails.de\/fr\/wp-json\/wp\/v2\/media?parent=234657"}],"wp:term":[{"taxonomy":"product_brand","embeddable":true,"href":"https:\/\/saida-nails.de\/fr\/wp-json\/wp\/v2\/product_brand?post=234657"},{"taxonomy":"product_cat","embeddable":true,"href":"https:\/\/saida-nails.de\/fr\/wp-json\/wp\/v2\/product_cat?post=234657"},{"taxonomy":"product_tag","embeddable":true,"href":"https:\/\/saida-nails.de\/fr\/wp-json\/wp\/v2\/product_tag?post=234657"}],"curies":[{"name":"wp","href":"https:\/\/api.w.org\/{rel}","templated":true}]}}